{"id":4725,"date":"2025-02-25T09:42:54","date_gmt":"2025-02-25T14:42:54","guid":{"rendered":"https:\/\/allokit.com\/?page_id=4725"},"modified":"2025-03-04T12:24:03","modified_gmt":"2025-03-04T17:24:03","slug":"request-a-demo","status":"publish","type":"page","link":"https:\/\/allokit.com\/en\/request-a-demo\/","title":{"rendered":"Request a Demo"},"content":{"rendered":"\t\t<div data-elementor-type=\"wp-page\" data-elementor-id=\"4725\" class=\"elementor elementor-4725\">\n\t\t\t\t<div class=\"elementor-element elementor-element-99ac1b3 e-con-full e-flex animejs-disable e-con e-parent\" data-id=\"99ac1b3\" data-element_type=\"container\">\n\t\t<div class=\"elementor-element elementor-element-d690c0b e-con-full pointer-none dark:bg-gray-300 dark:bg-opacity-10 e-flex animejs-disable e-con e-child\" data-id=\"d690c0b\" data-element_type=\"container\" data-settings=\"{&quot;background_background&quot;:&quot;classic&quot;,&quot;position&quot;:&quot;absolute&quot;}\">\n\t\t\t\t<\/div>\n\t\t<div class=\"elementor-element elementor-element-c05dac0 animejs-onview e-flex e-con-boxed animejs-element e-con e-child\" data-id=\"c05dac0\" data-element_type=\"container\" data-anime=\"onview: ; loop: false; targets: .e-con-inner &gt; .elementor-element; opacity: [0, 1]; translateY: [48, 0]; easing: &#039;spring(1, 80, 10, 0)&#039;; duration: 450; delay: ; delay: anime.stagger(100, {start: 200})\" data-anime-devices=\"desktop\">\n\t\t\t\t\t<div class=\"e-con-inner\">\n\t\t<div class=\"elementor-element elementor-element-7197662 e-con-full e-flex animejs-disable e-con e-child\" data-id=\"7197662\" data-element_type=\"container\">\n\t\t\t\t<div class=\"elementor-element elementor-element-dd4f60d animejs-disable elementor-widget elementor-widget-tg-heading\" data-id=\"dd4f60d\" data-element_type=\"widget\" data-widget_type=\"tg-heading.default\">\n\t\t\t\t<div class=\"elementor-widget-container\">\n\t\t\t\t\t        <h1 class=\"title tg-element-title mb-0 \">Request a demo<\/h1>\r\n    \t\t\t\t<\/div>\n\t\t\t\t<\/div>\n\t\t\t\t<div class=\"elementor-element elementor-element-c5c204d dark:text-white text-dark text-opacity-70 animejs-disable elementor-widget elementor-widget-tg-heading\" data-id=\"c5c204d\" data-element_type=\"widget\" data-widget_type=\"tg-heading.default\">\n\t\t\t\t<div class=\"elementor-widget-container\">\n\t\t\t\t\t        <p class=\"title tg-element-title mb-0 \">Discover how to transform your equipment management.\nBook a free demo and see for yourself how our solution can reduce losses, optimize planning, and simplify asset tracking.<\/p>\r\n    \t\t\t\t<\/div>\n\t\t\t\t<\/div>\n\t\t\t\t<\/div>\n\t\t<div class=\"elementor-element elementor-element-cb8191a e-con-full dark:bg-gray-900 dark:border-gray-300 dark:border-opacity-20 e-flex animejs-disable e-con e-child\" data-id=\"cb8191a\" data-element_type=\"container\" data-settings=\"{&quot;background_background&quot;:&quot;classic&quot;}\">\n\t\t\t\t<div class=\"elementor-element elementor-element-15dc543 animejs-disable elementor-widget elementor-widget-tg-heading\" data-id=\"15dc543\" data-element_type=\"widget\" data-widget_type=\"tg-heading.default\">\n\t\t\t\t<div class=\"elementor-widget-container\">\n\t\t\t\t\t        <p class=\"title tg-element-title mb-0 \">Ready to optimize your equipment and tool management? Fill out the form, and we\u2019ll contact you shortly to schedule your demo.\n\n\n\n\n\n<\/p>\r\n    \t\t\t\t<\/div>\n\t\t\t\t<\/div>\n\t\t\t\t<div class=\"elementor-element elementor-element-5586711 animejs-disable elementor-widget elementor-widget-shortcode\" data-id=\"5586711\" data-element_type=\"widget\" data-widget_type=\"shortcode.default\">\n\t\t\t\t<div class=\"elementor-widget-container\">\n\t\t\t\t\t\t\t<div class=\"elementor-shortcode\">\n<div class=\"wpcf7 no-js\" id=\"wpcf7-f4911-o1\" lang=\"en-US\" dir=\"ltr\" data-wpcf7-id=\"4911\">\n<div class=\"screen-reader-response\"><p role=\"status\" aria-live=\"polite\" aria-atomic=\"true\"><\/p> <ul><\/ul><\/div>\n<form action=\"\/en\/wp-json\/wp\/v2\/pages\/4725#wpcf7-f4911-o1\" method=\"post\" class=\"wpcf7-form init\" aria-label=\"Contact form\" novalidate=\"novalidate\" data-status=\"init\">\n<fieldset class=\"hidden-fields-container\"><input type=\"hidden\" name=\"_wpcf7\" value=\"4911\" \/><input type=\"hidden\" name=\"_wpcf7_version\" value=\"6.1.5\" \/><input type=\"hidden\" name=\"_wpcf7_locale\" value=\"en_US\" \/><input type=\"hidden\" name=\"_wpcf7_unit_tag\" value=\"wpcf7-f4911-o1\" \/><input type=\"hidden\" name=\"_wpcf7_container_post\" value=\"0\" \/><input type=\"hidden\" name=\"_wpcf7_posted_data_hash\" value=\"\" \/>\n<\/fieldset>\n<div class=\"vstack gap-2\">\n    <div class=\"row child-cols-12 sm:child-cols-6 g-2\">\n        <div>\n            <span class=\"wpcf7-form-control-wrap\" data-name=\"full-name\"><input size=\"40\" maxlength=\"400\" class=\"wpcf7-form-control wpcf7-text wpcf7-validates-as-required form-control h-48px w-100 bg-white dark-border-white dark-text-dark\" aria-required=\"true\" aria-invalid=\"false\" placeholder=\"Full Name*\" value=\"\" type=\"text\" name=\"full-name\" \/><\/span>\n        <\/div>\n        <div>\n            <span class=\"wpcf7-form-control-wrap\" data-name=\"business\"><input size=\"40\" maxlength=\"400\" class=\"wpcf7-form-control wpcf7-text wpcf7-validates-as-required form-control h-48px w-100 bg-white dark-border-white dark-text-dark\" aria-required=\"true\" aria-invalid=\"false\" placeholder=\"Company\" value=\"\" type=\"text\" name=\"business\" \/><\/span>\n        <\/div>\n    <\/div>\n    \n    <div class=\"row child-cols-12 sm:child-cols-6 g-2\">\n        <div>\n            <span class=\"wpcf7-form-control-wrap\" data-name=\"email\"><input size=\"40\" maxlength=\"400\" class=\"wpcf7-form-control wpcf7-email wpcf7-validates-as-required wpcf7-text wpcf7-validates-as-email form-control h-48px w-100 bg-white dark-border-white dark-text-dark\" aria-required=\"true\" aria-invalid=\"false\" placeholder=\"Email*\" value=\"\" type=\"email\" name=\"email\" \/><\/span>\n        <\/div>\n        <div>\n            <span class=\"wpcf7-form-control-wrap\" data-name=\"tel\"><input size=\"40\" maxlength=\"400\" class=\"wpcf7-form-control wpcf7-tel wpcf7-validates-as-required wpcf7-text wpcf7-validates-as-tel form-control h-48px w-100 bg-white dark-border-white dark-text-dark\" aria-required=\"true\" aria-invalid=\"false\" placeholder=\"Phone*\" value=\"\" type=\"tel\" name=\"tel\" \/><\/span>\n        <\/div>\n    <\/div>\n\n    <span class=\"wpcf7-form-control-wrap\" data-name=\"your-message\"><textarea cols=\"40\" rows=\"10\" maxlength=\"2000\" class=\"wpcf7-form-control wpcf7-textarea wpcf7-validates-as-required form-control min-h-150px w-full bg-white dark-border-white dark-text-dark\" aria-required=\"true\" aria-invalid=\"false\" placeholder=\"Your message... (e.g., &quot;I\u2019d like to see the equipment management in action&quot;)\" name=\"your-message\"><\/textarea><\/span>\n    \n    <button class=\"btn btn-primary btn-md text-white mt-2\" type=\"submit\">Request a Demo<\/button>\n<\/div><div class=\"wpcf7-response-output\" aria-hidden=\"true\"><\/div>\n<\/form>\n<\/div>\n<\/div>\n\t\t\t\t\t\t<\/div>\n\t\t\t\t<\/div>\n\t\t\t\t<div class=\"elementor-element elementor-element-3eb590f animejs-disable elementor-widget elementor-widget-tg-heading\" data-id=\"3eb590f\" data-element_type=\"widget\" data-widget_type=\"tg-heading.default\">\n\t\t\t\t<div class=\"elementor-widget-container\">\n\t\t\t\t\t        <p class=\"title tg-element-title mb-0 \">Or contact us directly by <a class=\"uc-link\" href=\"mailto:info@devactif.ca\">email<\/a>.\n\n\n\n\n\n<\/p>\r\n    \t\t\t\t<\/div>\n\t\t\t\t<\/div>\n\t\t\t\t<\/div>\n\t\t\t\t\t<\/div>\n\t\t\t\t<\/div>\n\t\t\t\t<\/div>\n\t\t\t\t<\/div>\n\t\t","protected":false},"excerpt":{"rendered":"<p>Request a demo Discover how to transform your equipment management. Book a free demo and see for yourself how our solution can reduce losses, optimize planning, and simplify asset tracking. Ready to optimize your equipment and tool management? Fill out the form, and we\u2019ll contact you shortly to schedule your demo. Or contact us directly [&hellip;]<\/p>\n","protected":false},"author":2,"featured_media":0,"parent":0,"menu_order":0,"comment_status":"closed","ping_status":"closed","template":"elementor_header_footer","meta":{"_acf_changed":false,"footnotes":""},"class_list":["post-4725","page","type-page","status-publish","hentry"],"acf":[],"yoast_head":"<!-- This site is optimized with the Yoast SEO plugin v27.4 - https:\/\/yoast.com\/product\/yoast-seo-wordpress\/ -->\n<title>Request a Demo | AlloKit<\/title>\n<meta name=\"description\" content=\"D\u00e9couvrez comment AlloKit peut transformer la gestion de vos actifs. R\u00e9servez une d\u00e9mo personnalis\u00e9e et explorez nos fonctionnalit\u00e9s : suivi GPS, maintenance automatis\u00e9e, planification IA et plus encore !\" \/>\n<meta name=\"robots\" content=\"index, follow, max-snippet:-1, max-image-preview:large, max-video-preview:-1\" \/>\n<link rel=\"canonical\" href=\"https:\/\/allokit.com\/en\/request-a-demo\/\" \/>\n<meta property=\"og:locale\" content=\"en_US\" \/>\n<meta property=\"og:type\" content=\"article\" \/>\n<meta property=\"og:title\" content=\"Request a Demo | AlloKit\" \/>\n<meta property=\"og:description\" content=\"D\u00e9couvrez comment AlloKit peut transformer la gestion de vos actifs. R\u00e9servez une d\u00e9mo personnalis\u00e9e et explorez nos fonctionnalit\u00e9s : suivi GPS, maintenance automatis\u00e9e, planification IA et plus encore !\" \/>\n<meta property=\"og:url\" content=\"https:\/\/allokit.com\/en\/request-a-demo\/\" \/>\n<meta property=\"og:site_name\" content=\"AlloKit\" \/>\n<meta property=\"article:modified_time\" content=\"2025-03-04T17:24:03+00:00\" \/>\n<meta name=\"twitter:card\" content=\"summary_large_image\" \/>\n<meta name=\"twitter:label1\" content=\"Est. reading time\" \/>\n\t<meta name=\"twitter:data1\" content=\"1 minute\" \/>\n<script type=\"application\/ld+json\" class=\"yoast-schema-graph\">{\"@context\":\"https:\\\/\\\/schema.org\",\"@graph\":[{\"@type\":\"WebPage\",\"@id\":\"https:\\\/\\\/allokit.com\\\/en\\\/request-a-demo\\\/\",\"url\":\"https:\\\/\\\/allokit.com\\\/en\\\/request-a-demo\\\/\",\"name\":\"Request a Demo | AlloKit\",\"isPartOf\":{\"@id\":\"https:\\\/\\\/allokit.com\\\/en\\\/#website\"},\"datePublished\":\"2025-02-25T14:42:54+00:00\",\"dateModified\":\"2025-03-04T17:24:03+00:00\",\"description\":\"D\u00e9couvrez comment AlloKit peut transformer la gestion de vos actifs. R\u00e9servez une d\u00e9mo personnalis\u00e9e et explorez nos fonctionnalit\u00e9s : suivi GPS, maintenance automatis\u00e9e, planification IA et plus encore !\",\"breadcrumb\":{\"@id\":\"https:\\\/\\\/allokit.com\\\/en\\\/request-a-demo\\\/#breadcrumb\"},\"inLanguage\":\"en-CA\",\"potentialAction\":[{\"@type\":\"ReadAction\",\"target\":[\"https:\\\/\\\/allokit.com\\\/en\\\/request-a-demo\\\/\"]}]},{\"@type\":\"BreadcrumbList\",\"@id\":\"https:\\\/\\\/allokit.com\\\/en\\\/request-a-demo\\\/#breadcrumb\",\"itemListElement\":[{\"@type\":\"ListItem\",\"position\":1,\"name\":\"Accueil\",\"item\":\"https:\\\/\\\/allokit.com\\\/en\\\/home\\\/\"},{\"@type\":\"ListItem\",\"position\":2,\"name\":\"Request a Demo\"}]},{\"@type\":\"WebSite\",\"@id\":\"https:\\\/\\\/allokit.com\\\/en\\\/#website\",\"url\":\"https:\\\/\\\/allokit.com\\\/en\\\/\",\"name\":\"AlloKit\",\"description\":\"Solution centralis\u00e9e permettant de suivre les actifs en temps r\u00e9el.\",\"publisher\":{\"@id\":\"https:\\\/\\\/allokit.com\\\/en\\\/#organization\"},\"potentialAction\":[{\"@type\":\"SearchAction\",\"target\":{\"@type\":\"EntryPoint\",\"urlTemplate\":\"https:\\\/\\\/allokit.com\\\/en\\\/?s={search_term_string}\"},\"query-input\":{\"@type\":\"PropertyValueSpecification\",\"valueRequired\":true,\"valueName\":\"search_term_string\"}}],\"inLanguage\":\"en-CA\"},{\"@type\":\"Organization\",\"@id\":\"https:\\\/\\\/allokit.com\\\/en\\\/#organization\",\"name\":\"AlloKit\",\"url\":\"https:\\\/\\\/allokit.com\\\/en\\\/\",\"logo\":{\"@type\":\"ImageObject\",\"inLanguage\":\"en-CA\",\"@id\":\"https:\\\/\\\/allokit.com\\\/en\\\/#\\\/schema\\\/logo\\\/image\\\/\",\"url\":\"https:\\\/\\\/allokit.com\\\/wp-content\\\/uploads\\\/2024\\\/07\\\/allokit-logo.svg\",\"contentUrl\":\"https:\\\/\\\/allokit.com\\\/wp-content\\\/uploads\\\/2024\\\/07\\\/allokit-logo.svg\",\"width\":117,\"height\":40,\"caption\":\"AlloKit\"},\"image\":{\"@id\":\"https:\\\/\\\/allokit.com\\\/en\\\/#\\\/schema\\\/logo\\\/image\\\/\"}}]}<\/script>\n<!-- \/ Yoast SEO plugin. -->","yoast_head_json":{"title":"Request a Demo | AlloKit","description":"D\u00e9couvrez comment AlloKit peut transformer la gestion de vos actifs. R\u00e9servez une d\u00e9mo personnalis\u00e9e et explorez nos fonctionnalit\u00e9s : suivi GPS, maintenance automatis\u00e9e, planification IA et plus encore !","robots":{"index":"index","follow":"follow","max-snippet":"max-snippet:-1","max-image-preview":"max-image-preview:large","max-video-preview":"max-video-preview:-1"},"canonical":"https:\/\/allokit.com\/en\/request-a-demo\/","og_locale":"en_US","og_type":"article","og_title":"Request a Demo | AlloKit","og_description":"D\u00e9couvrez comment AlloKit peut transformer la gestion de vos actifs. R\u00e9servez une d\u00e9mo personnalis\u00e9e et explorez nos fonctionnalit\u00e9s : suivi GPS, maintenance automatis\u00e9e, planification IA et plus encore !","og_url":"https:\/\/allokit.com\/en\/request-a-demo\/","og_site_name":"AlloKit","article_modified_time":"2025-03-04T17:24:03+00:00","twitter_card":"summary_large_image","twitter_misc":{"Est. reading time":"1 minute"},"schema":{"@context":"https:\/\/schema.org","@graph":[{"@type":"WebPage","@id":"https:\/\/allokit.com\/en\/request-a-demo\/","url":"https:\/\/allokit.com\/en\/request-a-demo\/","name":"Request a Demo | AlloKit","isPartOf":{"@id":"https:\/\/allokit.com\/en\/#website"},"datePublished":"2025-02-25T14:42:54+00:00","dateModified":"2025-03-04T17:24:03+00:00","description":"D\u00e9couvrez comment AlloKit peut transformer la gestion de vos actifs. R\u00e9servez une d\u00e9mo personnalis\u00e9e et explorez nos fonctionnalit\u00e9s : suivi GPS, maintenance automatis\u00e9e, planification IA et plus encore !","breadcrumb":{"@id":"https:\/\/allokit.com\/en\/request-a-demo\/#breadcrumb"},"inLanguage":"en-CA","potentialAction":[{"@type":"ReadAction","target":["https:\/\/allokit.com\/en\/request-a-demo\/"]}]},{"@type":"BreadcrumbList","@id":"https:\/\/allokit.com\/en\/request-a-demo\/#breadcrumb","itemListElement":[{"@type":"ListItem","position":1,"name":"Accueil","item":"https:\/\/allokit.com\/en\/home\/"},{"@type":"ListItem","position":2,"name":"Request a Demo"}]},{"@type":"WebSite","@id":"https:\/\/allokit.com\/en\/#website","url":"https:\/\/allokit.com\/en\/","name":"AlloKit","description":"Solution centralis\u00e9e permettant de suivre les actifs en temps r\u00e9el.","publisher":{"@id":"https:\/\/allokit.com\/en\/#organization"},"potentialAction":[{"@type":"SearchAction","target":{"@type":"EntryPoint","urlTemplate":"https:\/\/allokit.com\/en\/?s={search_term_string}"},"query-input":{"@type":"PropertyValueSpecification","valueRequired":true,"valueName":"search_term_string"}}],"inLanguage":"en-CA"},{"@type":"Organization","@id":"https:\/\/allokit.com\/en\/#organization","name":"AlloKit","url":"https:\/\/allokit.com\/en\/","logo":{"@type":"ImageObject","inLanguage":"en-CA","@id":"https:\/\/allokit.com\/en\/#\/schema\/logo\/image\/","url":"https:\/\/allokit.com\/wp-content\/uploads\/2024\/07\/allokit-logo.svg","contentUrl":"https:\/\/allokit.com\/wp-content\/uploads\/2024\/07\/allokit-logo.svg","width":117,"height":40,"caption":"AlloKit"},"image":{"@id":"https:\/\/allokit.com\/en\/#\/schema\/logo\/image\/"}}]}},"_links":{"self":[{"href":"https:\/\/allokit.com\/en\/wp-json\/wp\/v2\/pages\/4725","targetHints":{"allow":["GET"]}}],"collection":[{"href":"https:\/\/allokit.com\/en\/wp-json\/wp\/v2\/pages"}],"about":[{"href":"https:\/\/allokit.com\/en\/wp-json\/wp\/v2\/types\/page"}],"author":[{"embeddable":true,"href":"https:\/\/allokit.com\/en\/wp-json\/wp\/v2\/users\/2"}],"replies":[{"embeddable":true,"href":"https:\/\/allokit.com\/en\/wp-json\/wp\/v2\/comments?post=4725"}],"version-history":[{"count":17,"href":"https:\/\/allokit.com\/en\/wp-json\/wp\/v2\/pages\/4725\/revisions"}],"predecessor-version":[{"id":5446,"href":"https:\/\/allokit.com\/en\/wp-json\/wp\/v2\/pages\/4725\/revisions\/5446"}],"wp:attachment":[{"href":"https:\/\/allokit.com\/en\/wp-json\/wp\/v2\/media?parent=4725"}],"curies":[{"name":"wp","href":"https:\/\/api.w.org\/{rel}","templated":true}]}}