{"id":4754,"date":"2025-02-25T15:07:17","date_gmt":"2025-02-25T20:07:17","guid":{"rendered":"https:\/\/allokit.com\/?page_id=4754"},"modified":"2025-02-27T15:20:44","modified_gmt":"2025-02-27T20:20:44","slug":"frequently-asked-questions","status":"publish","type":"page","link":"https:\/\/allokit.com\/en\/frequently-asked-questions\/","title":{"rendered":"Frequently Asked Questions"},"content":{"rendered":"\t\t<div data-elementor-type=\"wp-page\" data-elementor-id=\"4754\" class=\"elementor elementor-4754\">\n\t\t\t\t<div class=\"elementor-element elementor-element-cf131b8 e-con-full e-flex animejs-disable e-con e-parent\" data-id=\"cf131b8\" data-element_type=\"container\">\n\t\t<div class=\"elementor-element elementor-element-8cb7310 animejs-onview e-flex e-con-boxed animejs-element e-con e-child\" data-id=\"8cb7310\" data-element_type=\"container\" data-anime=\"onview: -200; loop: false; opacity: [0, 1]; translateY: [48, 0]; easing: &#039;easeOutCubic&#039;; duration: 500; delay: 100\" data-anime-devices=\"mobile,tablet,desktop\">\n\t\t\t\t\t<div class=\"e-con-inner\">\n\t\t<div class=\"elementor-element elementor-element-161161f e-flex e-con-boxed animejs-disable e-con e-child\" data-id=\"161161f\" data-element_type=\"container\">\n\t\t\t\t\t<div class=\"e-con-inner\">\n\t\t\t\t<div class=\"elementor-element elementor-element-39bfbe7 animejs-disable elementor-widget elementor-widget-tg-heading\" data-id=\"39bfbe7\" data-element_type=\"widget\" data-widget_type=\"tg-heading.default\">\n\t\t\t\t<div class=\"elementor-widget-container\">\n\t\t\t\t\t        <h1 class=\"title tg-element-title mb-0 \">Frequently asked questions (FAQ)<\/h1>\r\n    \t\t\t\t<\/div>\n\t\t\t\t<\/div>\n\t\t\t\t<div class=\"elementor-element elementor-element-8d9a30f animejs-disable elementor-widget elementor-widget-tg-heading\" data-id=\"8d9a30f\" data-element_type=\"widget\" data-widget_type=\"tg-heading.default\">\n\t\t\t\t<div class=\"elementor-widget-container\">\n\t\t\t\t\t        <p class=\"title tg-element-title mb-0 \">Have questions about our solution? You're in the right place! Here are the answers to the most common questions. If you can't find what you're looking for, feel free to contact us\u2014 we're here to help.<\/p>\r\n    \t\t\t\t<\/div>\n\t\t\t\t<\/div>\n\t\t\t\t\t<\/div>\n\t\t\t\t<\/div>\n\t\t\t\t<div class=\"elementor-element elementor-element-87b88a6 animejs-disable elementor-widget elementor-widget-genix-faq\" data-id=\"87b88a6\" data-element_type=\"widget\" data-widget_type=\"genix-faq.default\">\n\t\t\t\t<div class=\"elementor-widget-container\">\n\t\t\t\t\t\r\n\r\n        \r\n            <ul class=\"gap-1\" data-uc-accordion=\"targets: > li;\">\r\n                                    <li class=\"panel p-3 lg:p-4 rounded-1-5 lg:rounded-2 bg-secondary dark:bg-gray-800\">\r\n                        <a class=\"uc-accordion-title fs-5 sm:fs-4\" href=\"#\">Does your solution work with any type of equipment?<\/a>\r\n                        <div class=\"uc-accordion-content\">\r\n                            <p>Yes! Whether it's tools, heavy machinery, or construction materials, our platform allows you to maintain control over your assets with optimized management and efficient tracking.<\/p>\r\n                        <\/div>\r\n                    <\/li>\r\n                                    <li class=\"panel p-3 lg:p-4 rounded-1-5 lg:rounded-2 bg-secondary dark:bg-gray-800\">\r\n                        <a class=\"uc-accordion-title fs-5 sm:fs-4\" href=\"#\">Do I need to install software on my devices?<\/a>\r\n                        <div class=\"uc-accordion-content\">\r\n                            <p>No, our solution is 100% online. You can access it from any connected device, without any complicated installation.<\/p>\r\n                        <\/div>\r\n                    <\/li>\r\n                                    <li class=\"panel p-3 lg:p-4 rounded-1-5 lg:rounded-2 bg-secondary dark:bg-gray-800\">\r\n                        <a class=\"uc-accordion-title fs-5 sm:fs-4\" href=\"#\">Can I connect the platform to my ERP or existing software?<\/a>\r\n                        <div class=\"uc-accordion-content\">\r\n                            <p>Yes, it easily integrates with ERP, BIM, and other software through our connectors and open API.<\/p>\r\n                        <\/div>\r\n                    <\/li>\r\n                                    <li class=\"panel p-3 lg:p-4 rounded-1-5 lg:rounded-2 bg-secondary dark:bg-gray-800\">\r\n                        <a class=\"uc-accordion-title fs-5 sm:fs-4\" href=\"#\">How does the solution help me avoid equipment losses and thefts?<\/a>\r\n                        <div class=\"uc-accordion-content\">\r\n                            <p>It allows you to always know where your equipment is and be alerted in case of movement or inconsistency in its usage. With optimized tracking, you minimize the risk of loss and improve the security of your assets.<\/p>\r\n                        <\/div>\r\n                    <\/li>\r\n                                    <li class=\"panel p-3 lg:p-4 rounded-1-5 lg:rounded-2 bg-secondary dark:bg-gray-800\">\r\n                        <a class=\"uc-accordion-title fs-5 sm:fs-4\" href=\"#\">How does our solution facilitate equipment planning on construction sites?<\/a>\r\n                        <div class=\"uc-accordion-content\">\r\n                            <p>Our platform simplifies equipment management by making it easier to assign them to construction sites and teams. You have a clear view of availability and avoid usage conflicts, which enhances productivity.<\/p>\r\n                        <\/div>\r\n                    <\/li>\r\n                                    <li class=\"panel p-3 lg:p-4 rounded-1-5 lg:rounded-2 bg-secondary dark:bg-gray-800\">\r\n                        <a class=\"uc-accordion-title fs-5 sm:fs-4\" href=\"#\">Does the solution manage maintenance and inspection tracking?<\/a>\r\n                        <div class=\"uc-accordion-content\">\r\n                            <p>Yes, it helps you keep your equipment in good condition by facilitating the tracking of maintenance and regular inspections. You receive reminders to avoid forgetfulness and ensure better longevity of your equipment.<\/p>\r\n                        <\/div>\r\n                    <\/li>\r\n                            <\/ul>\r\n\r\n        \t\t\t\t<\/div>\n\t\t\t\t<\/div>\n\t\t\t\t<div class=\"elementor-element elementor-element-77d9d99 animejs-disable elementor-widget elementor-widget-tg-btn\" data-id=\"77d9d99\" data-element_type=\"widget\" data-widget_type=\"tg-btn.default\">\n\t\t\t\t<div class=\"elementor-widget-container\">\n\t\t\t\t\t\r\n\r\n        \r\n                            <a href=\"https:\/\/allokit.com\/en\/request-a-demo\/\" target=\"_self\" rel=\"nofollow\" class=\"tg-btn uc-link fw-bold d-inline-flex items-center gap-narrow dark:text-white\">\r\n                    <span>Do you have any more questions?<\/span>\r\n                    <i class=\"icon icon-1 unicon-arrow-right rtl:rotate-180\"><\/i>\r\n                <\/a>\r\n            \r\n        \r\n\t\t\t\t<\/div>\n\t\t\t\t<\/div>\n\t\t\t\t\t<\/div>\n\t\t\t\t<\/div>\n\t\t\t\t<\/div>\n\t\t<div class=\"elementor-element elementor-element-af4da7f animejs-onview e-flex e-con-boxed animejs-element e-con e-parent\" data-id=\"af4da7f\" data-element_type=\"container\" data-anime=\"onview: -100; loop: false; opacity: [0, 1]; translateX: 0; translateY: [48, 0]; easing: &#039;spring(1, 80, 10, 0)&#039;; duration: 450; delay: 200\" data-anime-devices=\"mobile,tablet,desktop\">\n\t\t\t\t\t<div class=\"e-con-inner\">\n\t\t<div class=\"elementor-element elementor-element-74e3b88 e-con-full dark:bg-gray-300 dark:bg-opacity-10 e-flex animejs-disable e-con e-child\" data-id=\"74e3b88\" data-element_type=\"container\" data-settings=\"{&quot;background_background&quot;:&quot;classic&quot;}\">\n\t\t<div class=\"elementor-element elementor-element-abd4dee e-con-full e-flex animejs-disable e-con e-child\" data-id=\"abd4dee\" data-element_type=\"container\">\n\t\t\t\t<div class=\"elementor-element elementor-element-c6fb9c3 animejs-disable elementor-widget elementor-widget-tg-heading\" data-id=\"c6fb9c3\" data-element_type=\"widget\" data-widget_type=\"tg-heading.default\">\n\t\t\t\t<div class=\"elementor-widget-container\">\n\t\t\t\t\t        <h2 class=\"title tg-element-title mb-0 \"><span class=\"text-primary\">Simplify<\/span> the management of your construction assets\n\n\n\n\n<\/h2>\r\n    \t\t\t\t<\/div>\n\t\t\t\t<\/div>\n\t\t\t\t<div class=\"elementor-element elementor-element-e47ca31 animejs-disable elementor-widget elementor-widget-tg-heading\" data-id=\"e47ca31\" data-element_type=\"widget\" data-widget_type=\"tg-heading.default\">\n\t\t\t\t<div class=\"elementor-widget-container\">\n\t\t\t\t\t        <p class=\"title tg-element-title mb-0 \">Don't let equipment losses, unexpected breakdowns, or lack of tracking slow down your projects. Transform the management of your construction sites, improve the efficiency of your equipment, and protect your investments.<\/p>\r\n    \t\t\t\t<\/div>\n\t\t\t\t<\/div>\n\t\t\t\t<div class=\"elementor-element elementor-element-0ccbae5 animejs-disable elementor-widget elementor-widget-tg-btn\" data-id=\"0ccbae5\" data-element_type=\"widget\" data-widget_type=\"tg-btn.default\">\n\t\t\t\t<div class=\"elementor-widget-container\">\n\t\t\t\t\t\r\n\r\n        \r\n                            <a href=\"https:\/\/allokit.com\/en\/request-a-demo\/\" target=\"_self\" rel=\"nofollow\" class=\"tg-btn btn btn-primary text-white\">\r\n                    Request a demo                                    <\/a>\r\n            \r\n        \r\n\t\t\t\t<\/div>\n\t\t\t\t<\/div>\n\t\t\t\t<\/div>\n\t\t<div class=\"elementor-element elementor-element-e04f1e1 e-con-full e-flex animejs-disable e-con e-child\" data-id=\"e04f1e1\" data-element_type=\"container\">\n\t\t\t\t<div class=\"elementor-element elementor-element-7502cf3 animejs-disable elementor-widget elementor-widget-tg-dark-light-img\" data-id=\"7502cf3\" data-element_type=\"widget\" data-widget_type=\"tg-dark-light-img.default\">\n\t\t\t\t<div class=\"elementor-widget-container\">\n\t\t\t\t\t\r\n        \r\n                                                <img decoding=\"async\" class=\"d-block dark:d-none\" src=\"https:\/\/allokit.com\/wp-content\/uploads\/2025\/02\/newsletter.svg\" alt=\"Image\">\r\n                                                    <img decoding=\"async\" class=\"d-none dark:d-block\" src=\"https:\/\/lexend.themegenix.com\/four\/wp-content\/uploads\/2024\/07\/newsletter-dark.svg\" alt=\"Image Dark\">\r\n                            \r\n        \r\n\t\t\t\t<\/div>\n\t\t\t\t<\/div>\n\t\t\t\t<\/div>\n\t\t\t\t<\/div>\n\t\t\t\t\t<\/div>\n\t\t\t\t<\/div>\n\t\t\t\t<\/div>\n\t\t","protected":false},"excerpt":{"rendered":"<p>Frequently asked questions (FAQ) Have questions about our solution? You&#8217;re in the right place! Here are the answers to the most common questions. If you can&#8217;t find what you&#8217;re looking for, feel free to contact us\u2014 we&#8217;re here to help.<\/p>\n","protected":false},"author":2,"featured_media":0,"parent":0,"menu_order":0,"comment_status":"closed","ping_status":"closed","template":"elementor_header_footer","meta":{"_acf_changed":false,"footnotes":""},"class_list":["post-4754","page","type-page","status-publish","hentry"],"acf":[],"yoast_head":"<!-- This site is optimized with the Yoast SEO plugin v27.4 - https:\/\/yoast.com\/product\/yoast-seo-wordpress\/ -->\n<title>Frequently Asked Questions | AlloKit<\/title>\n<meta name=\"description\" content=\"Trouvez des r\u00e9ponses rapides sur AlloKit : fonctionnalit\u00e9s, suivi GPS, maintenance automatis\u00e9e, int\u00e9grations et plus. Simplifiez la gestion de vos actifs avec nos solutions innovantes !\" \/>\n<meta name=\"robots\" content=\"index, follow, max-snippet:-1, max-image-preview:large, max-video-preview:-1\" \/>\n<link rel=\"canonical\" href=\"https:\/\/allokit.com\/en\/frequently-asked-questions\/\" \/>\n<meta property=\"og:locale\" content=\"en_US\" \/>\n<meta property=\"og:type\" content=\"article\" \/>\n<meta property=\"og:title\" content=\"Frequently Asked Questions | AlloKit\" \/>\n<meta property=\"og:description\" content=\"Trouvez des r\u00e9ponses rapides sur AlloKit : fonctionnalit\u00e9s, suivi GPS, maintenance automatis\u00e9e, int\u00e9grations et plus. Simplifiez la gestion de vos actifs avec nos solutions innovantes !\" \/>\n<meta property=\"og:url\" content=\"https:\/\/allokit.com\/en\/frequently-asked-questions\/\" \/>\n<meta property=\"og:site_name\" content=\"AlloKit\" \/>\n<meta property=\"article:modified_time\" content=\"2025-02-27T20:20:44+00:00\" \/>\n<meta property=\"og:image\" content=\"https:\/\/allokit.com\/wp-content\/uploads\/2025\/02\/newsletter.svg\" \/>\n<meta name=\"twitter:card\" content=\"summary_large_image\" \/>\n<meta name=\"twitter:label1\" content=\"Est. reading time\" \/>\n\t<meta name=\"twitter:data1\" content=\"2 minutes\" \/>\n<script type=\"application\/ld+json\" class=\"yoast-schema-graph\">{\"@context\":\"https:\\\/\\\/schema.org\",\"@graph\":[{\"@type\":\"WebPage\",\"@id\":\"https:\\\/\\\/allokit.com\\\/en\\\/frequently-asked-questions\\\/\",\"url\":\"https:\\\/\\\/allokit.com\\\/en\\\/frequently-asked-questions\\\/\",\"name\":\"Frequently Asked Questions | AlloKit\",\"isPartOf\":{\"@id\":\"https:\\\/\\\/allokit.com\\\/en\\\/#website\"},\"primaryImageOfPage\":{\"@id\":\"https:\\\/\\\/allokit.com\\\/en\\\/frequently-asked-questions\\\/#primaryimage\"},\"image\":{\"@id\":\"https:\\\/\\\/allokit.com\\\/en\\\/frequently-asked-questions\\\/#primaryimage\"},\"thumbnailUrl\":\"https:\\\/\\\/allokit.com\\\/wp-content\\\/uploads\\\/2025\\\/02\\\/newsletter.svg\",\"datePublished\":\"2025-02-25T20:07:17+00:00\",\"dateModified\":\"2025-02-27T20:20:44+00:00\",\"description\":\"Trouvez des r\u00e9ponses rapides sur AlloKit : fonctionnalit\u00e9s, suivi GPS, maintenance automatis\u00e9e, int\u00e9grations et plus. Simplifiez la gestion de vos actifs avec nos solutions innovantes !\",\"breadcrumb\":{\"@id\":\"https:\\\/\\\/allokit.com\\\/en\\\/frequently-asked-questions\\\/#breadcrumb\"},\"inLanguage\":\"en-CA\",\"potentialAction\":[{\"@type\":\"ReadAction\",\"target\":[\"https:\\\/\\\/allokit.com\\\/en\\\/frequently-asked-questions\\\/\"]}]},{\"@type\":\"ImageObject\",\"inLanguage\":\"en-CA\",\"@id\":\"https:\\\/\\\/allokit.com\\\/en\\\/frequently-asked-questions\\\/#primaryimage\",\"url\":\"https:\\\/\\\/allokit.com\\\/wp-content\\\/uploads\\\/2025\\\/02\\\/newsletter.svg\",\"contentUrl\":\"https:\\\/\\\/allokit.com\\\/wp-content\\\/uploads\\\/2025\\\/02\\\/newsletter.svg\"},{\"@type\":\"BreadcrumbList\",\"@id\":\"https:\\\/\\\/allokit.com\\\/en\\\/frequently-asked-questions\\\/#breadcrumb\",\"itemListElement\":[{\"@type\":\"ListItem\",\"position\":1,\"name\":\"Accueil\",\"item\":\"https:\\\/\\\/allokit.com\\\/en\\\/home\\\/\"},{\"@type\":\"ListItem\",\"position\":2,\"name\":\"Frequently Asked Questions\"}]},{\"@type\":\"WebSite\",\"@id\":\"https:\\\/\\\/allokit.com\\\/en\\\/#website\",\"url\":\"https:\\\/\\\/allokit.com\\\/en\\\/\",\"name\":\"AlloKit\",\"description\":\"Solution centralis\u00e9e permettant de suivre les actifs en temps r\u00e9el.\",\"publisher\":{\"@id\":\"https:\\\/\\\/allokit.com\\\/en\\\/#organization\"},\"potentialAction\":[{\"@type\":\"SearchAction\",\"target\":{\"@type\":\"EntryPoint\",\"urlTemplate\":\"https:\\\/\\\/allokit.com\\\/en\\\/?s={search_term_string}\"},\"query-input\":{\"@type\":\"PropertyValueSpecification\",\"valueRequired\":true,\"valueName\":\"search_term_string\"}}],\"inLanguage\":\"en-CA\"},{\"@type\":\"Organization\",\"@id\":\"https:\\\/\\\/allokit.com\\\/en\\\/#organization\",\"name\":\"AlloKit\",\"url\":\"https:\\\/\\\/allokit.com\\\/en\\\/\",\"logo\":{\"@type\":\"ImageObject\",\"inLanguage\":\"en-CA\",\"@id\":\"https:\\\/\\\/allokit.com\\\/en\\\/#\\\/schema\\\/logo\\\/image\\\/\",\"url\":\"https:\\\/\\\/allokit.com\\\/wp-content\\\/uploads\\\/2024\\\/07\\\/allokit-logo.svg\",\"contentUrl\":\"https:\\\/\\\/allokit.com\\\/wp-content\\\/uploads\\\/2024\\\/07\\\/allokit-logo.svg\",\"width\":117,\"height\":40,\"caption\":\"AlloKit\"},\"image\":{\"@id\":\"https:\\\/\\\/allokit.com\\\/en\\\/#\\\/schema\\\/logo\\\/image\\\/\"}}]}<\/script>\n<!-- \/ Yoast SEO plugin. -->","yoast_head_json":{"title":"Frequently Asked Questions | AlloKit","description":"Trouvez des r\u00e9ponses rapides sur AlloKit : fonctionnalit\u00e9s, suivi GPS, maintenance automatis\u00e9e, int\u00e9grations et plus. Simplifiez la gestion de vos actifs avec nos solutions innovantes !","robots":{"index":"index","follow":"follow","max-snippet":"max-snippet:-1","max-image-preview":"max-image-preview:large","max-video-preview":"max-video-preview:-1"},"canonical":"https:\/\/allokit.com\/en\/frequently-asked-questions\/","og_locale":"en_US","og_type":"article","og_title":"Frequently Asked Questions | AlloKit","og_description":"Trouvez des r\u00e9ponses rapides sur AlloKit : fonctionnalit\u00e9s, suivi GPS, maintenance automatis\u00e9e, int\u00e9grations et plus. Simplifiez la gestion de vos actifs avec nos solutions innovantes !","og_url":"https:\/\/allokit.com\/en\/frequently-asked-questions\/","og_site_name":"AlloKit","article_modified_time":"2025-02-27T20:20:44+00:00","og_image":[{"url":"https:\/\/allokit.com\/wp-content\/uploads\/2025\/02\/newsletter.svg","type":"","width":"","height":""}],"twitter_card":"summary_large_image","twitter_misc":{"Est. reading time":"2 minutes"},"schema":{"@context":"https:\/\/schema.org","@graph":[{"@type":"WebPage","@id":"https:\/\/allokit.com\/en\/frequently-asked-questions\/","url":"https:\/\/allokit.com\/en\/frequently-asked-questions\/","name":"Frequently Asked Questions | AlloKit","isPartOf":{"@id":"https:\/\/allokit.com\/en\/#website"},"primaryImageOfPage":{"@id":"https:\/\/allokit.com\/en\/frequently-asked-questions\/#primaryimage"},"image":{"@id":"https:\/\/allokit.com\/en\/frequently-asked-questions\/#primaryimage"},"thumbnailUrl":"https:\/\/allokit.com\/wp-content\/uploads\/2025\/02\/newsletter.svg","datePublished":"2025-02-25T20:07:17+00:00","dateModified":"2025-02-27T20:20:44+00:00","description":"Trouvez des r\u00e9ponses rapides sur AlloKit : fonctionnalit\u00e9s, suivi GPS, maintenance automatis\u00e9e, int\u00e9grations et plus. Simplifiez la gestion de vos actifs avec nos solutions innovantes !","breadcrumb":{"@id":"https:\/\/allokit.com\/en\/frequently-asked-questions\/#breadcrumb"},"inLanguage":"en-CA","potentialAction":[{"@type":"ReadAction","target":["https:\/\/allokit.com\/en\/frequently-asked-questions\/"]}]},{"@type":"ImageObject","inLanguage":"en-CA","@id":"https:\/\/allokit.com\/en\/frequently-asked-questions\/#primaryimage","url":"https:\/\/allokit.com\/wp-content\/uploads\/2025\/02\/newsletter.svg","contentUrl":"https:\/\/allokit.com\/wp-content\/uploads\/2025\/02\/newsletter.svg"},{"@type":"BreadcrumbList","@id":"https:\/\/allokit.com\/en\/frequently-asked-questions\/#breadcrumb","itemListElement":[{"@type":"ListItem","position":1,"name":"Accueil","item":"https:\/\/allokit.com\/en\/home\/"},{"@type":"ListItem","position":2,"name":"Frequently Asked Questions"}]},{"@type":"WebSite","@id":"https:\/\/allokit.com\/en\/#website","url":"https:\/\/allokit.com\/en\/","name":"AlloKit","description":"Solution centralis\u00e9e permettant de suivre les actifs en temps r\u00e9el.","publisher":{"@id":"https:\/\/allokit.com\/en\/#organization"},"potentialAction":[{"@type":"SearchAction","target":{"@type":"EntryPoint","urlTemplate":"https:\/\/allokit.com\/en\/?s={search_term_string}"},"query-input":{"@type":"PropertyValueSpecification","valueRequired":true,"valueName":"search_term_string"}}],"inLanguage":"en-CA"},{"@type":"Organization","@id":"https:\/\/allokit.com\/en\/#organization","name":"AlloKit","url":"https:\/\/allokit.com\/en\/","logo":{"@type":"ImageObject","inLanguage":"en-CA","@id":"https:\/\/allokit.com\/en\/#\/schema\/logo\/image\/","url":"https:\/\/allokit.com\/wp-content\/uploads\/2024\/07\/allokit-logo.svg","contentUrl":"https:\/\/allokit.com\/wp-content\/uploads\/2024\/07\/allokit-logo.svg","width":117,"height":40,"caption":"AlloKit"},"image":{"@id":"https:\/\/allokit.com\/en\/#\/schema\/logo\/image\/"}}]}},"_links":{"self":[{"href":"https:\/\/allokit.com\/en\/wp-json\/wp\/v2\/pages\/4754","targetHints":{"allow":["GET"]}}],"collection":[{"href":"https:\/\/allokit.com\/en\/wp-json\/wp\/v2\/pages"}],"about":[{"href":"https:\/\/allokit.com\/en\/wp-json\/wp\/v2\/types\/page"}],"author":[{"embeddable":true,"href":"https:\/\/allokit.com\/en\/wp-json\/wp\/v2\/users\/2"}],"replies":[{"embeddable":true,"href":"https:\/\/allokit.com\/en\/wp-json\/wp\/v2\/comments?post=4754"}],"version-history":[{"count":23,"href":"https:\/\/allokit.com\/en\/wp-json\/wp\/v2\/pages\/4754\/revisions"}],"predecessor-version":[{"id":5148,"href":"https:\/\/allokit.com\/en\/wp-json\/wp\/v2\/pages\/4754\/revisions\/5148"}],"wp:attachment":[{"href":"https:\/\/allokit.com\/en\/wp-json\/wp\/v2\/media?parent=4754"}],"curies":[{"name":"wp","href":"https:\/\/api.w.org\/{rel}","templated":true}]}}